{"id":860,"date":"2023-10-29T10:20:16","date_gmt":"2023-10-29T10:20:16","guid":{"rendered":"https:\/\/tudomanyosjatekok.hu\/wp\/?post_type=product&#038;p=860"},"modified":"2024-12-06T10:29:17","modified_gmt":"2024-12-06T10:29:17","slug":"led-es-sziv-alaku-keszlet-forrasztasi-gyakorlathoz","status":"publish","type":"product","link":"https:\/\/tudomanyosjatekok.hu\/wp\/termek\/led-es-sziv-alaku-keszlet-forrasztasi-gyakorlathoz\/","title":{"rendered":"LED-es sz\u00edv alak\u00fa k\u00e9szlet forraszt\u00e1si gyakorlathoz"},"content":{"rendered":"<p>Az \u00f6sszeszerel\u00e9shez sz\u00fcks\u00e9ges m\u00e9g:<\/p>\n<p>&#8211; forraszt\u00f3p\u00e1ka \u00e9s \u00f3n,<br \/>\n&#8211; oldalcs\u00edp\u0151 fog\u00f3,<br \/>\n&#8211; multim\u00e9ter vagy az alkatr\u00e9szek szabv\u00e1nyos \u00e9rt\u00e9k jel\u00f6l\u00e9s\u00e9nek ismerete.<\/p>\n<p>A k\u00e9szlet nem rendelkezik t\u00e1pegys\u00e9ggel.<br \/>\nEl\u0151zetesen el\u0151 kell k\u00e9sz\u00edtenie egy DC 4-6V t\u00e1pegys\u00e9get vagy akkumul\u00e1tort.<\/p>\n<p>Figyelem, a k\u00e9pek csak illusztr\u00e1ci\u00f3k, a kieg\u00e9sz\u00edt\u0151k, a sz\u00ednek \u00e9s a csomagol\u00e1s elt\u00e9rhet.<\/p>\n<p>Javasolt \u00f6sszeszerel\u00e9si l\u00e9p\u00e9sek itt tal\u00e1lhat\u00f3:<br \/>\n<a href=\"https:\/\/tudomanyosjatekok.hu\/wp\/wp-content\/uploads\/2023\/10\/Sziv_led_szereles.pdf\">Javaslat.<\/a><\/p>\n<p>&nbsp;<\/p>\n<p>&nbsp;<\/p>\n<p>&nbsp;<\/p>\n<p>&nbsp;<\/p>\n","protected":false},"excerpt":{"rendered":"<div class=\"prod-image\">\n<h4>Le\u00edr\u00e1s<\/h4>\n<\/div>\n<div class=\"prod-desc\">Az \u00e9p\u00edt\u0151k\u00e9szlet k\u00f6nnyen \u00f6sszeszerelhet\u0151, \u00e9s t\u00f6k\u00e9letes iskolai elektronikai k\u00eds\u00e9rleti projektekhez is.<br \/>\nBe- \u00e9s kikapcsolhat\u00f3 \u00e9s a villog\u00e1si frekvencia szab\u00e1lyoz\u00e1s\u00e1hoz pedig potenciom\u00e9terrel felszerelt.<br \/>\nAz \u00e9p\u00edt\u0151k\u00e9szletb\u0151l egy 22db piros LED-b\u0151l \u00e1ll\u00f3, l\u00fcktet\u0151 effektussal vil\u00e1g\u00edt\u00f3 sz\u00edvet forraszthatunk \u00f6ssze.<br \/>\nA l\u00fcktet\u00e9s sebess\u00e9ge trimmer potenciom\u00e9terrel \u00e1ll\u00edthat\u00f3.M\u0171szaki adatok:- M\u0171k\u00f6d\u00e9si fesz\u00fclts\u00e9g: 4-6V DC<br \/>\n&#8211; Elk\u00e9sz\u00edt\u00e9si id\u0151: 20 perc<br \/>\n&#8211; M\u00e9retek: 50.7 x 50.7 x 12.5mm<\/div>\n<p>A k\u00e9szlet forrasztand\u00f3 alkatr\u00e9szeket tartalmaz!<\/p>\n","protected":false},"featured_media":866,"template":"","meta":[],"product_cat":[64,66],"product_tag":[],"yoast_head":"<!-- This site is optimized with the Yoast SEO plugin v23.5 - https:\/\/yoast.com\/wordpress\/plugins\/seo\/ -->\n<title>LED-es sz\u00edv alak\u00fa k\u00e9szlet forraszt\u00e1si gyakorlathoz - Tudom\u00e1nyos J\u00e1t\u00e9kok<\/title>\n<meta name=\"description\" content=\"id\u0151z\u00edt\u0151b\u0151l f\u00e9nyeffekt KIT alkatr\u00e9szek elektronikai \u00e1ramk\u00f6r \u00fcgyess\u00e9gi DIY, villog\u00f3, szerel\u00e9si j\u00e1t\u00e9k LED-es sz\u00edv alak\u00fa k\u00e9szlet forraszt\u00e1si gyakorlathoz\" \/>\n<meta name=\"robots\" content=\"index, follow, max-snippet:-1, max-image-preview:large, max-video-preview:-1\" \/>\n<link rel=\"canonical\" href=\"https:\/\/tudomanyosjatekok.hu\/wp\/termek\/led-es-sziv-alaku-keszlet-forrasztasi-gyakorlathoz\/\" \/>\n<meta property=\"og:locale\" content=\"hu_HU\" \/>\n<meta property=\"og:type\" content=\"article\" \/>\n<meta property=\"og:title\" content=\"LED-es sz\u00edv alak\u00fa k\u00e9szlet forraszt\u00e1si gyakorlathoz - Tudom\u00e1nyos J\u00e1t\u00e9kok\" \/>\n<meta property=\"og:description\" content=\"id\u0151z\u00edt\u0151b\u0151l f\u00e9nyeffekt KIT alkatr\u00e9szek elektronikai \u00e1ramk\u00f6r \u00fcgyess\u00e9gi DIY, villog\u00f3, szerel\u00e9si j\u00e1t\u00e9k LED-es sz\u00edv alak\u00fa k\u00e9szlet forraszt\u00e1si gyakorlathoz\" \/>\n<meta property=\"og:url\" content=\"https:\/\/tudomanyosjatekok.hu\/wp\/termek\/led-es-sziv-alaku-keszlet-forrasztasi-gyakorlathoz\/\" \/>\n<meta property=\"og:site_name\" content=\"Tudom\u00e1nyos J\u00e1t\u00e9kok\" \/>\n<meta property=\"article:modified_time\" content=\"2024-12-06T10:29:17+00:00\" \/>\n<meta property=\"og:image\" content=\"https:\/\/tudomanyosjatekok.hu\/wp\/wp-content\/uploads\/2023\/10\/664896432_max.jpg\" \/>\n\t<meta property=\"og:image:width\" content=\"1600\" \/>\n\t<meta property=\"og:image:height\" content=\"1600\" \/>\n\t<meta property=\"og:image:type\" content=\"image\/jpeg\" \/>\n<meta name=\"twitter:card\" content=\"summary_large_image\" \/>\n<meta name=\"twitter:label1\" content=\"Becs\u00fclt olvas\u00e1si id\u0151\" \/>\n\t<meta name=\"twitter:data1\" content=\"1 perc\" \/>\n<script type=\"application\/ld+json\" class=\"yoast-schema-graph\">{\"@context\":\"https:\/\/schema.org\",\"@graph\":[{\"@type\":\"WebPage\",\"@id\":\"https:\/\/tudomanyosjatekok.hu\/wp\/termek\/led-es-sziv-alaku-keszlet-forrasztasi-gyakorlathoz\/\",\"url\":\"https:\/\/tudomanyosjatekok.hu\/wp\/termek\/led-es-sziv-alaku-keszlet-forrasztasi-gyakorlathoz\/\",\"name\":\"LED-es sz\u00edv alak\u00fa k\u00e9szlet forraszt\u00e1si gyakorlathoz - Tudom\u00e1nyos J\u00e1t\u00e9kok\",\"isPartOf\":{\"@id\":\"https:\/\/tudomanyosjatekok.hu\/wp\/#website\"},\"primaryImageOfPage\":{\"@id\":\"https:\/\/tudomanyosjatekok.hu\/wp\/termek\/led-es-sziv-alaku-keszlet-forrasztasi-gyakorlathoz\/#primaryimage\"},\"image\":{\"@id\":\"https:\/\/tudomanyosjatekok.hu\/wp\/termek\/led-es-sziv-alaku-keszlet-forrasztasi-gyakorlathoz\/#primaryimage\"},\"thumbnailUrl\":\"https:\/\/i0.wp.com\/tudomanyosjatekok.hu\/wp\/wp-content\/uploads\/2023\/10\/664896432_max.jpg?fit=1600%2C1600&ssl=1\",\"datePublished\":\"2023-10-29T10:20:16+00:00\",\"dateModified\":\"2024-12-06T10:29:17+00:00\",\"description\":\"id\u0151z\u00edt\u0151b\u0151l f\u00e9nyeffekt KIT alkatr\u00e9szek elektronikai \u00e1ramk\u00f6r \u00fcgyess\u00e9gi DIY, villog\u00f3, szerel\u00e9si j\u00e1t\u00e9k LED-es sz\u00edv alak\u00fa k\u00e9szlet forraszt\u00e1si gyakorlathoz\",\"breadcrumb\":{\"@id\":\"https:\/\/tudomanyosjatekok.hu\/wp\/termek\/led-es-sziv-alaku-keszlet-forrasztasi-gyakorlathoz\/#breadcrumb\"},\"inLanguage\":\"hu\",\"potentialAction\":[{\"@type\":\"ReadAction\",\"target\":[\"https:\/\/tudomanyosjatekok.hu\/wp\/termek\/led-es-sziv-alaku-keszlet-forrasztasi-gyakorlathoz\/\"]}]},{\"@type\":\"ImageObject\",\"inLanguage\":\"hu\",\"@id\":\"https:\/\/tudomanyosjatekok.hu\/wp\/termek\/led-es-sziv-alaku-keszlet-forrasztasi-gyakorlathoz\/#primaryimage\",\"url\":\"https:\/\/i0.wp.com\/tudomanyosjatekok.hu\/wp\/wp-content\/uploads\/2023\/10\/664896432_max.jpg?fit=1600%2C1600&ssl=1\",\"contentUrl\":\"https:\/\/i0.wp.com\/tudomanyosjatekok.hu\/wp\/wp-content\/uploads\/2023\/10\/664896432_max.jpg?fit=1600%2C1600&ssl=1\",\"width\":1600,\"height\":1600},{\"@type\":\"BreadcrumbList\",\"@id\":\"https:\/\/tudomanyosjatekok.hu\/wp\/termek\/led-es-sziv-alaku-keszlet-forrasztasi-gyakorlathoz\/#breadcrumb\",\"itemListElement\":[{\"@type\":\"ListItem\",\"position\":1,\"name\":\"Kezd\u0151lap\",\"item\":\"https:\/\/tudomanyosjatekok.hu\/wp\/\"},{\"@type\":\"ListItem\",\"position\":2,\"name\":\"Term\u00e9kek\",\"item\":\"https:\/\/tudomanyosjatekok.hu\/wp\/\"},{\"@type\":\"ListItem\",\"position\":3,\"name\":\"LED-es sz\u00edv alak\u00fa k\u00e9szlet forraszt\u00e1si gyakorlathoz\"}]},{\"@type\":\"WebSite\",\"@id\":\"https:\/\/tudomanyosjatekok.hu\/wp\/#website\",\"url\":\"https:\/\/tudomanyosjatekok.hu\/wp\/\",\"name\":\"Tudom\u00e1nyos J\u00e1t\u00e9kok\",\"description\":\"Tudom\u00e1nyos j\u00e1t\u00e9kok\",\"publisher\":{\"@id\":\"https:\/\/tudomanyosjatekok.hu\/wp\/#organization\"},\"alternateName\":\"Tudom\u00e1nyos j\u00e1t\u00e9k\",\"potentialAction\":[{\"@type\":\"SearchAction\",\"target\":{\"@type\":\"EntryPoint\",\"urlTemplate\":\"https:\/\/tudomanyosjatekok.hu\/wp\/?s={search_term_string}\"},\"query-input\":{\"@type\":\"PropertyValueSpecification\",\"valueRequired\":true,\"valueName\":\"search_term_string\"}}],\"inLanguage\":\"hu\"},{\"@type\":\"Organization\",\"@id\":\"https:\/\/tudomanyosjatekok.hu\/wp\/#organization\",\"name\":\"Tudom\u00e1nyos J\u00e1t\u00e9kok\",\"url\":\"https:\/\/tudomanyosjatekok.hu\/wp\/\",\"logo\":{\"@type\":\"ImageObject\",\"inLanguage\":\"hu\",\"@id\":\"https:\/\/tudomanyosjatekok.hu\/wp\/#\/schema\/logo\/image\/\",\"url\":\"https:\/\/i0.wp.com\/tudomanyosjatekok.hu\/wp\/wp-content\/uploads\/2022\/01\/cropped-tjlogo-2.jpg?fit=240%2C73&ssl=1\",\"contentUrl\":\"https:\/\/i0.wp.com\/tudomanyosjatekok.hu\/wp\/wp-content\/uploads\/2022\/01\/cropped-tjlogo-2.jpg?fit=240%2C73&ssl=1\",\"width\":240,\"height\":73,\"caption\":\"Tudom\u00e1nyos J\u00e1t\u00e9kok\"},\"image\":{\"@id\":\"https:\/\/tudomanyosjatekok.hu\/wp\/#\/schema\/logo\/image\/\"}}]}<\/script>\n<!-- \/ Yoast SEO plugin. -->","yoast_head_json":{"title":"LED-es sz\u00edv alak\u00fa k\u00e9szlet forraszt\u00e1si gyakorlathoz - Tudom\u00e1nyos J\u00e1t\u00e9kok","description":"id\u0151z\u00edt\u0151b\u0151l f\u00e9nyeffekt KIT alkatr\u00e9szek elektronikai \u00e1ramk\u00f6r \u00fcgyess\u00e9gi DIY, villog\u00f3, szerel\u00e9si j\u00e1t\u00e9k LED-es sz\u00edv alak\u00fa k\u00e9szlet forraszt\u00e1si gyakorlathoz","robots":{"index":"index","follow":"follow","max-snippet":"max-snippet:-1","max-image-preview":"max-image-preview:large","max-video-preview":"max-video-preview:-1"},"canonical":"https:\/\/tudomanyosjatekok.hu\/wp\/termek\/led-es-sziv-alaku-keszlet-forrasztasi-gyakorlathoz\/","og_locale":"hu_HU","og_type":"article","og_title":"LED-es sz\u00edv alak\u00fa k\u00e9szlet forraszt\u00e1si gyakorlathoz - Tudom\u00e1nyos J\u00e1t\u00e9kok","og_description":"id\u0151z\u00edt\u0151b\u0151l f\u00e9nyeffekt KIT alkatr\u00e9szek elektronikai \u00e1ramk\u00f6r \u00fcgyess\u00e9gi DIY, villog\u00f3, szerel\u00e9si j\u00e1t\u00e9k LED-es sz\u00edv alak\u00fa k\u00e9szlet forraszt\u00e1si gyakorlathoz","og_url":"https:\/\/tudomanyosjatekok.hu\/wp\/termek\/led-es-sziv-alaku-keszlet-forrasztasi-gyakorlathoz\/","og_site_name":"Tudom\u00e1nyos J\u00e1t\u00e9kok","article_modified_time":"2024-12-06T10:29:17+00:00","og_image":[{"width":1600,"height":1600,"url":"https:\/\/tudomanyosjatekok.hu\/wp\/wp-content\/uploads\/2023\/10\/664896432_max.jpg","type":"image\/jpeg"}],"twitter_card":"summary_large_image","twitter_misc":{"Becs\u00fclt olvas\u00e1si id\u0151":"1 perc"},"schema":{"@context":"https:\/\/schema.org","@graph":[{"@type":"WebPage","@id":"https:\/\/tudomanyosjatekok.hu\/wp\/termek\/led-es-sziv-alaku-keszlet-forrasztasi-gyakorlathoz\/","url":"https:\/\/tudomanyosjatekok.hu\/wp\/termek\/led-es-sziv-alaku-keszlet-forrasztasi-gyakorlathoz\/","name":"LED-es sz\u00edv alak\u00fa k\u00e9szlet forraszt\u00e1si gyakorlathoz - Tudom\u00e1nyos J\u00e1t\u00e9kok","isPartOf":{"@id":"https:\/\/tudomanyosjatekok.hu\/wp\/#website"},"primaryImageOfPage":{"@id":"https:\/\/tudomanyosjatekok.hu\/wp\/termek\/led-es-sziv-alaku-keszlet-forrasztasi-gyakorlathoz\/#primaryimage"},"image":{"@id":"https:\/\/tudomanyosjatekok.hu\/wp\/termek\/led-es-sziv-alaku-keszlet-forrasztasi-gyakorlathoz\/#primaryimage"},"thumbnailUrl":"https:\/\/i0.wp.com\/tudomanyosjatekok.hu\/wp\/wp-content\/uploads\/2023\/10\/664896432_max.jpg?fit=1600%2C1600&ssl=1","datePublished":"2023-10-29T10:20:16+00:00","dateModified":"2024-12-06T10:29:17+00:00","description":"id\u0151z\u00edt\u0151b\u0151l f\u00e9nyeffekt KIT alkatr\u00e9szek elektronikai \u00e1ramk\u00f6r \u00fcgyess\u00e9gi DIY, villog\u00f3, szerel\u00e9si j\u00e1t\u00e9k LED-es sz\u00edv alak\u00fa k\u00e9szlet forraszt\u00e1si gyakorlathoz","breadcrumb":{"@id":"https:\/\/tudomanyosjatekok.hu\/wp\/termek\/led-es-sziv-alaku-keszlet-forrasztasi-gyakorlathoz\/#breadcrumb"},"inLanguage":"hu","potentialAction":[{"@type":"ReadAction","target":["https:\/\/tudomanyosjatekok.hu\/wp\/termek\/led-es-sziv-alaku-keszlet-forrasztasi-gyakorlathoz\/"]}]},{"@type":"ImageObject","inLanguage":"hu","@id":"https:\/\/tudomanyosjatekok.hu\/wp\/termek\/led-es-sziv-alaku-keszlet-forrasztasi-gyakorlathoz\/#primaryimage","url":"https:\/\/i0.wp.com\/tudomanyosjatekok.hu\/wp\/wp-content\/uploads\/2023\/10\/664896432_max.jpg?fit=1600%2C1600&ssl=1","contentUrl":"https:\/\/i0.wp.com\/tudomanyosjatekok.hu\/wp\/wp-content\/uploads\/2023\/10\/664896432_max.jpg?fit=1600%2C1600&ssl=1","width":1600,"height":1600},{"@type":"BreadcrumbList","@id":"https:\/\/tudomanyosjatekok.hu\/wp\/termek\/led-es-sziv-alaku-keszlet-forrasztasi-gyakorlathoz\/#breadcrumb","itemListElement":[{"@type":"ListItem","position":1,"name":"Kezd\u0151lap","item":"https:\/\/tudomanyosjatekok.hu\/wp\/"},{"@type":"ListItem","position":2,"name":"Term\u00e9kek","item":"https:\/\/tudomanyosjatekok.hu\/wp\/"},{"@type":"ListItem","position":3,"name":"LED-es sz\u00edv alak\u00fa k\u00e9szlet forraszt\u00e1si gyakorlathoz"}]},{"@type":"WebSite","@id":"https:\/\/tudomanyosjatekok.hu\/wp\/#website","url":"https:\/\/tudomanyosjatekok.hu\/wp\/","name":"Tudom\u00e1nyos J\u00e1t\u00e9kok","description":"Tudom\u00e1nyos j\u00e1t\u00e9kok","publisher":{"@id":"https:\/\/tudomanyosjatekok.hu\/wp\/#organization"},"alternateName":"Tudom\u00e1nyos j\u00e1t\u00e9k","potentialAction":[{"@type":"SearchAction","target":{"@type":"EntryPoint","urlTemplate":"https:\/\/tudomanyosjatekok.hu\/wp\/?s={search_term_string}"},"query-input":{"@type":"PropertyValueSpecification","valueRequired":true,"valueName":"search_term_string"}}],"inLanguage":"hu"},{"@type":"Organization","@id":"https:\/\/tudomanyosjatekok.hu\/wp\/#organization","name":"Tudom\u00e1nyos J\u00e1t\u00e9kok","url":"https:\/\/tudomanyosjatekok.hu\/wp\/","logo":{"@type":"ImageObject","inLanguage":"hu","@id":"https:\/\/tudomanyosjatekok.hu\/wp\/#\/schema\/logo\/image\/","url":"https:\/\/i0.wp.com\/tudomanyosjatekok.hu\/wp\/wp-content\/uploads\/2022\/01\/cropped-tjlogo-2.jpg?fit=240%2C73&ssl=1","contentUrl":"https:\/\/i0.wp.com\/tudomanyosjatekok.hu\/wp\/wp-content\/uploads\/2022\/01\/cropped-tjlogo-2.jpg?fit=240%2C73&ssl=1","width":240,"height":73,"caption":"Tudom\u00e1nyos J\u00e1t\u00e9kok"},"image":{"@id":"https:\/\/tudomanyosjatekok.hu\/wp\/#\/schema\/logo\/image\/"}}]}},"jetpack_sharing_enabled":true,"_links":{"self":[{"href":"https:\/\/tudomanyosjatekok.hu\/wp\/wp-json\/wp\/v2\/product\/860"}],"collection":[{"href":"https:\/\/tudomanyosjatekok.hu\/wp\/wp-json\/wp\/v2\/product"}],"about":[{"href":"https:\/\/tudomanyosjatekok.hu\/wp\/wp-json\/wp\/v2\/types\/product"}],"wp:featuredmedia":[{"embeddable":true,"href":"https:\/\/tudomanyosjatekok.hu\/wp\/wp-json\/wp\/v2\/media\/866"}],"wp:attachment":[{"href":"https:\/\/tudomanyosjatekok.hu\/wp\/wp-json\/wp\/v2\/media?parent=860"}],"wp:term":[{"taxonomy":"product_cat","embeddable":true,"href":"https:\/\/tudomanyosjatekok.hu\/wp\/wp-json\/wp\/v2\/product_cat?post=860"},{"taxonomy":"product_tag","embeddable":true,"href":"https:\/\/tudomanyosjatekok.hu\/wp\/wp-json\/wp\/v2\/product_tag?post=860"}],"curies":[{"name":"wp","href":"https:\/\/api.w.org\/{rel}","templated":true}]}}