{"id":544,"date":"2023-02-06T17:06:16","date_gmt":"2023-02-06T17:06:16","guid":{"rendered":"https:\/\/tudomanyosjatekok.hu\/wp\/?post_type=product&#038;p=544"},"modified":"2026-02-02T11:14:06","modified_gmt":"2026-02-02T11:14:06","slug":"elektronikus-szirena-diy-kit-masolat","status":"publish","type":"product","link":"https:\/\/tudomanyosjatekok.hu\/wp\/termek\/elektronikus-szirena-diy-kit-masolat\/","title":{"rendered":"Elektronikus szir\u00e9na 3.0 DIY KIT"},"content":{"rendered":"<p>Az egyes szir\u00e9na t\u00edpusok k\u00f6zti v\u00e1lt\u00e1st jumperrel lehet megoldani. 9V-os elemr\u0151l is m\u0171k\u00f6dtethet\u0151.<\/p>\n<p>Kezd\u0151knek \u00e9s halad\u00f3knak egyar\u00e1nt aj\u00e1nlott.<\/p>\n<p>M\u0171szaki adatok:<\/p>\n<ul>\n<li>Neh\u00e9zs\u00e9gi fok: 2<\/li>\n<li>Elk\u00e9sz\u00edt\u00e9si id\u0151: 30 perc<\/li>\n<li>M\u00e9retek: 47 \u00d7 31 mm<\/li>\n<li>T\u00e1pfesz\u00fclts\u00e9g: 9 V<\/li>\n<li>\u00c1ramfelv\u00e9tel: 60 mA<\/li>\n<li>Kishangsz\u00f3r\u00f3 impedancia : 32 Ohm (taroz\u00e9k)<\/li>\n<li>Forraszt\u00e1si pontok: 58 db<\/li>\n<\/ul>\n<p>Az \u00f6sszeszerel\u00e9shez sz\u00fcks\u00e9ges m\u00e9g:<\/p>\n<ul>\n<li>forraszt\u00f3p\u00e1ka \u00e9s \u00f3n,<\/li>\n<li>oldalcs\u00edp\u0151 fog\u00f3,<\/li>\n<li>multim\u00e9ter vagy az alkatr\u00e9szek szabv\u00e1nyos \u00e9rt\u00e9k jel\u00f6l\u00e9s\u00e9nek ismerete.<\/li>\n<\/ul>\n<p>\u00d6sszeszerel\u00e9si le\u00edr\u00e1s a term\u00e9k doboz\u00e1ban tal\u00e1lhat\u00f3!<\/p>\n","protected":false},"excerpt":{"rendered":"<div class=\"prod-image\">\n<p>Az \u00e1ramk\u00f6r 3 k\u00fcl\u00f6nb\u00f6z\u0151 t\u00edpus\u00fa szir\u00e9n\u00e1t val\u00f3s\u00edt meg.<br \/>\nEz az olcs\u00f3, egyszer\u0171 k\u00e9szlet ide\u00e1lis sz\u00f3rakoztat\u00f3 projekt az alapvet\u0151 elektronikai ismeretek megismertet\u00e9s\u00e9hez.<br \/>\n&#8211; A nyomtatott \u00e1ramk\u00f6ri lapon szit\u00e1zott komponensek elrendez\u00e9se k\u00f6nnyen \u00f6sszeszerelhet\u0151v\u00e9 teszi.<br \/>\n&#8211; Ide\u00e1lis projekt a di\u00e1koknak az elektronika megismertet\u00e9s\u00e9re<br \/>\n&#8211; Gyakorlatot biztos\u00edt a forraszt\u00e1si technik\u00e1ban<br \/>\n&#8211; R\u00e9szletes utas\u00edt\u00e1sokat adunk hozz\u00e1, csak egy kis forraszt\u00f3anyagra, egy forraszt\u00f3p\u00e1k\u00e1ra \u00e9s tanul\u00e1si hajland\u00f3s\u00e1gra van sz\u00fcks\u00e9ge.<\/p>\n<\/div>\n","protected":false},"featured_media":545,"template":"","meta":[],"product_cat":[64,66,55],"product_tag":[],"yoast_head":"<!-- This site is optimized with the Yoast SEO plugin v23.5 - https:\/\/yoast.com\/wordpress\/plugins\/seo\/ -->\n<title>Elektronikus szir\u00e9na 3.0 DIY KIT - Tudom\u00e1nyos J\u00e1t\u00e9kok<\/title>\n<meta name=\"description\" content=\"Tudom\u00e1nyos j\u00e1t\u00e9kok gyerekeknek \u2013 K\u00eds\u00e9rletez\u0151 k\u00e9szletek, elektronikai felfedez\u0151 \u00e9s \u00e9p\u00edt\u0151 j\u00e1t\u00e9k k\u00e9szletek, DIY KIT Tudom\u00e1nyos K\u00eds\u00e9rletez\u0151 forraszt\u00e1s elektronika nyomtatott \u00e1ramk\u00f6r m\u00e9r\u0151m\u0171szer .\" \/>\n<meta name=\"robots\" content=\"index, follow, max-snippet:-1, max-image-preview:large, max-video-preview:-1\" \/>\n<link rel=\"canonical\" href=\"https:\/\/tudomanyosjatekok.hu\/wp\/termek\/elektronikus-szirena-diy-kit-masolat\/\" \/>\n<meta property=\"og:locale\" content=\"hu_HU\" \/>\n<meta property=\"og:type\" content=\"article\" \/>\n<meta property=\"og:title\" content=\"Elektronikus szir\u00e9na 3.0 DIY KIT - Tudom\u00e1nyos J\u00e1t\u00e9kok\" \/>\n<meta property=\"og:description\" content=\"Tudom\u00e1nyos j\u00e1t\u00e9kok gyerekeknek \u2013 K\u00eds\u00e9rletez\u0151 k\u00e9szletek, elektronikai felfedez\u0151 \u00e9s \u00e9p\u00edt\u0151 j\u00e1t\u00e9k k\u00e9szletek, DIY KIT Tudom\u00e1nyos K\u00eds\u00e9rletez\u0151 forraszt\u00e1s elektronika nyomtatott \u00e1ramk\u00f6r m\u00e9r\u0151m\u0171szer .\" \/>\n<meta property=\"og:url\" content=\"https:\/\/tudomanyosjatekok.hu\/wp\/termek\/elektronikus-szirena-diy-kit-masolat\/\" \/>\n<meta property=\"og:site_name\" content=\"Tudom\u00e1nyos J\u00e1t\u00e9kok\" \/>\n<meta property=\"article:modified_time\" content=\"2026-02-02T11:14:06+00:00\" \/>\n<meta property=\"og:image\" content=\"https:\/\/tudomanyosjatekok.hu\/wp\/wp-content\/uploads\/2023\/02\/44_large.jpg\" \/>\n\t<meta property=\"og:image:width\" content=\"800\" \/>\n\t<meta property=\"og:image:height\" content=\"480\" \/>\n\t<meta property=\"og:image:type\" content=\"image\/jpeg\" \/>\n<meta name=\"twitter:card\" content=\"summary_large_image\" \/>\n<meta name=\"twitter:label1\" content=\"Becs\u00fclt olvas\u00e1si id\u0151\" \/>\n\t<meta name=\"twitter:data1\" content=\"1 perc\" \/>\n<script type=\"application\/ld+json\" class=\"yoast-schema-graph\">{\"@context\":\"https:\/\/schema.org\",\"@graph\":[{\"@type\":\"WebPage\",\"@id\":\"https:\/\/tudomanyosjatekok.hu\/wp\/termek\/elektronikus-szirena-diy-kit-masolat\/\",\"url\":\"https:\/\/tudomanyosjatekok.hu\/wp\/termek\/elektronikus-szirena-diy-kit-masolat\/\",\"name\":\"Elektronikus szir\u00e9na 3.0 DIY KIT - Tudom\u00e1nyos J\u00e1t\u00e9kok\",\"isPartOf\":{\"@id\":\"https:\/\/tudomanyosjatekok.hu\/wp\/#website\"},\"primaryImageOfPage\":{\"@id\":\"https:\/\/tudomanyosjatekok.hu\/wp\/termek\/elektronikus-szirena-diy-kit-masolat\/#primaryimage\"},\"image\":{\"@id\":\"https:\/\/tudomanyosjatekok.hu\/wp\/termek\/elektronikus-szirena-diy-kit-masolat\/#primaryimage\"},\"thumbnailUrl\":\"https:\/\/i0.wp.com\/tudomanyosjatekok.hu\/wp\/wp-content\/uploads\/2023\/02\/44_large.jpg?fit=800%2C480&ssl=1\",\"datePublished\":\"2023-02-06T17:06:16+00:00\",\"dateModified\":\"2026-02-02T11:14:06+00:00\",\"description\":\"Tudom\u00e1nyos j\u00e1t\u00e9kok gyerekeknek \u2013 K\u00eds\u00e9rletez\u0151 k\u00e9szletek, elektronikai felfedez\u0151 \u00e9s \u00e9p\u00edt\u0151 j\u00e1t\u00e9k k\u00e9szletek, DIY KIT Tudom\u00e1nyos K\u00eds\u00e9rletez\u0151 forraszt\u00e1s elektronika nyomtatott \u00e1ramk\u00f6r m\u00e9r\u0151m\u0171szer .\",\"breadcrumb\":{\"@id\":\"https:\/\/tudomanyosjatekok.hu\/wp\/termek\/elektronikus-szirena-diy-kit-masolat\/#breadcrumb\"},\"inLanguage\":\"hu\",\"potentialAction\":[{\"@type\":\"ReadAction\",\"target\":[\"https:\/\/tudomanyosjatekok.hu\/wp\/termek\/elektronikus-szirena-diy-kit-masolat\/\"]}]},{\"@type\":\"ImageObject\",\"inLanguage\":\"hu\",\"@id\":\"https:\/\/tudomanyosjatekok.hu\/wp\/termek\/elektronikus-szirena-diy-kit-masolat\/#primaryimage\",\"url\":\"https:\/\/i0.wp.com\/tudomanyosjatekok.hu\/wp\/wp-content\/uploads\/2023\/02\/44_large.jpg?fit=800%2C480&ssl=1\",\"contentUrl\":\"https:\/\/i0.wp.com\/tudomanyosjatekok.hu\/wp\/wp-content\/uploads\/2023\/02\/44_large.jpg?fit=800%2C480&ssl=1\",\"width\":800,\"height\":480},{\"@type\":\"BreadcrumbList\",\"@id\":\"https:\/\/tudomanyosjatekok.hu\/wp\/termek\/elektronikus-szirena-diy-kit-masolat\/#breadcrumb\",\"itemListElement\":[{\"@type\":\"ListItem\",\"position\":1,\"name\":\"Kezd\u0151lap\",\"item\":\"https:\/\/tudomanyosjatekok.hu\/wp\/\"},{\"@type\":\"ListItem\",\"position\":2,\"name\":\"Term\u00e9kek\",\"item\":\"https:\/\/tudomanyosjatekok.hu\/wp\/\"},{\"@type\":\"ListItem\",\"position\":3,\"name\":\"Elektronikus szir\u00e9na 3.0 DIY KIT\"}]},{\"@type\":\"WebSite\",\"@id\":\"https:\/\/tudomanyosjatekok.hu\/wp\/#website\",\"url\":\"https:\/\/tudomanyosjatekok.hu\/wp\/\",\"name\":\"Tudom\u00e1nyos J\u00e1t\u00e9kok\",\"description\":\"Tudom\u00e1nyos j\u00e1t\u00e9kok\",\"publisher\":{\"@id\":\"https:\/\/tudomanyosjatekok.hu\/wp\/#organization\"},\"alternateName\":\"Tudom\u00e1nyos j\u00e1t\u00e9k\",\"potentialAction\":[{\"@type\":\"SearchAction\",\"target\":{\"@type\":\"EntryPoint\",\"urlTemplate\":\"https:\/\/tudomanyosjatekok.hu\/wp\/?s={search_term_string}\"},\"query-input\":{\"@type\":\"PropertyValueSpecification\",\"valueRequired\":true,\"valueName\":\"search_term_string\"}}],\"inLanguage\":\"hu\"},{\"@type\":\"Organization\",\"@id\":\"https:\/\/tudomanyosjatekok.hu\/wp\/#organization\",\"name\":\"Tudom\u00e1nyos J\u00e1t\u00e9kok\",\"url\":\"https:\/\/tudomanyosjatekok.hu\/wp\/\",\"logo\":{\"@type\":\"ImageObject\",\"inLanguage\":\"hu\",\"@id\":\"https:\/\/tudomanyosjatekok.hu\/wp\/#\/schema\/logo\/image\/\",\"url\":\"https:\/\/i0.wp.com\/tudomanyosjatekok.hu\/wp\/wp-content\/uploads\/2022\/01\/cropped-tjlogo-2.jpg?fit=240%2C73&ssl=1\",\"contentUrl\":\"https:\/\/i0.wp.com\/tudomanyosjatekok.hu\/wp\/wp-content\/uploads\/2022\/01\/cropped-tjlogo-2.jpg?fit=240%2C73&ssl=1\",\"width\":240,\"height\":73,\"caption\":\"Tudom\u00e1nyos J\u00e1t\u00e9kok\"},\"image\":{\"@id\":\"https:\/\/tudomanyosjatekok.hu\/wp\/#\/schema\/logo\/image\/\"}}]}<\/script>\n<!-- \/ Yoast SEO plugin. -->","yoast_head_json":{"title":"Elektronikus szir\u00e9na 3.0 DIY KIT - Tudom\u00e1nyos J\u00e1t\u00e9kok","description":"Tudom\u00e1nyos j\u00e1t\u00e9kok gyerekeknek \u2013 K\u00eds\u00e9rletez\u0151 k\u00e9szletek, elektronikai felfedez\u0151 \u00e9s \u00e9p\u00edt\u0151 j\u00e1t\u00e9k k\u00e9szletek, DIY KIT Tudom\u00e1nyos K\u00eds\u00e9rletez\u0151 forraszt\u00e1s elektronika nyomtatott \u00e1ramk\u00f6r m\u00e9r\u0151m\u0171szer .","robots":{"index":"index","follow":"follow","max-snippet":"max-snippet:-1","max-image-preview":"max-image-preview:large","max-video-preview":"max-video-preview:-1"},"canonical":"https:\/\/tudomanyosjatekok.hu\/wp\/termek\/elektronikus-szirena-diy-kit-masolat\/","og_locale":"hu_HU","og_type":"article","og_title":"Elektronikus szir\u00e9na 3.0 DIY KIT - Tudom\u00e1nyos J\u00e1t\u00e9kok","og_description":"Tudom\u00e1nyos j\u00e1t\u00e9kok gyerekeknek \u2013 K\u00eds\u00e9rletez\u0151 k\u00e9szletek, elektronikai felfedez\u0151 \u00e9s \u00e9p\u00edt\u0151 j\u00e1t\u00e9k k\u00e9szletek, DIY KIT Tudom\u00e1nyos K\u00eds\u00e9rletez\u0151 forraszt\u00e1s elektronika nyomtatott \u00e1ramk\u00f6r m\u00e9r\u0151m\u0171szer .","og_url":"https:\/\/tudomanyosjatekok.hu\/wp\/termek\/elektronikus-szirena-diy-kit-masolat\/","og_site_name":"Tudom\u00e1nyos J\u00e1t\u00e9kok","article_modified_time":"2026-02-02T11:14:06+00:00","og_image":[{"width":800,"height":480,"url":"https:\/\/tudomanyosjatekok.hu\/wp\/wp-content\/uploads\/2023\/02\/44_large.jpg","type":"image\/jpeg"}],"twitter_card":"summary_large_image","twitter_misc":{"Becs\u00fclt olvas\u00e1si id\u0151":"1 perc"},"schema":{"@context":"https:\/\/schema.org","@graph":[{"@type":"WebPage","@id":"https:\/\/tudomanyosjatekok.hu\/wp\/termek\/elektronikus-szirena-diy-kit-masolat\/","url":"https:\/\/tudomanyosjatekok.hu\/wp\/termek\/elektronikus-szirena-diy-kit-masolat\/","name":"Elektronikus szir\u00e9na 3.0 DIY KIT - Tudom\u00e1nyos J\u00e1t\u00e9kok","isPartOf":{"@id":"https:\/\/tudomanyosjatekok.hu\/wp\/#website"},"primaryImageOfPage":{"@id":"https:\/\/tudomanyosjatekok.hu\/wp\/termek\/elektronikus-szirena-diy-kit-masolat\/#primaryimage"},"image":{"@id":"https:\/\/tudomanyosjatekok.hu\/wp\/termek\/elektronikus-szirena-diy-kit-masolat\/#primaryimage"},"thumbnailUrl":"https:\/\/i0.wp.com\/tudomanyosjatekok.hu\/wp\/wp-content\/uploads\/2023\/02\/44_large.jpg?fit=800%2C480&ssl=1","datePublished":"2023-02-06T17:06:16+00:00","dateModified":"2026-02-02T11:14:06+00:00","description":"Tudom\u00e1nyos j\u00e1t\u00e9kok gyerekeknek \u2013 K\u00eds\u00e9rletez\u0151 k\u00e9szletek, elektronikai felfedez\u0151 \u00e9s \u00e9p\u00edt\u0151 j\u00e1t\u00e9k k\u00e9szletek, DIY KIT Tudom\u00e1nyos K\u00eds\u00e9rletez\u0151 forraszt\u00e1s elektronika nyomtatott \u00e1ramk\u00f6r m\u00e9r\u0151m\u0171szer .","breadcrumb":{"@id":"https:\/\/tudomanyosjatekok.hu\/wp\/termek\/elektronikus-szirena-diy-kit-masolat\/#breadcrumb"},"inLanguage":"hu","potentialAction":[{"@type":"ReadAction","target":["https:\/\/tudomanyosjatekok.hu\/wp\/termek\/elektronikus-szirena-diy-kit-masolat\/"]}]},{"@type":"ImageObject","inLanguage":"hu","@id":"https:\/\/tudomanyosjatekok.hu\/wp\/termek\/elektronikus-szirena-diy-kit-masolat\/#primaryimage","url":"https:\/\/i0.wp.com\/tudomanyosjatekok.hu\/wp\/wp-content\/uploads\/2023\/02\/44_large.jpg?fit=800%2C480&ssl=1","contentUrl":"https:\/\/i0.wp.com\/tudomanyosjatekok.hu\/wp\/wp-content\/uploads\/2023\/02\/44_large.jpg?fit=800%2C480&ssl=1","width":800,"height":480},{"@type":"BreadcrumbList","@id":"https:\/\/tudomanyosjatekok.hu\/wp\/termek\/elektronikus-szirena-diy-kit-masolat\/#breadcrumb","itemListElement":[{"@type":"ListItem","position":1,"name":"Kezd\u0151lap","item":"https:\/\/tudomanyosjatekok.hu\/wp\/"},{"@type":"ListItem","position":2,"name":"Term\u00e9kek","item":"https:\/\/tudomanyosjatekok.hu\/wp\/"},{"@type":"ListItem","position":3,"name":"Elektronikus szir\u00e9na 3.0 DIY KIT"}]},{"@type":"WebSite","@id":"https:\/\/tudomanyosjatekok.hu\/wp\/#website","url":"https:\/\/tudomanyosjatekok.hu\/wp\/","name":"Tudom\u00e1nyos J\u00e1t\u00e9kok","description":"Tudom\u00e1nyos j\u00e1t\u00e9kok","publisher":{"@id":"https:\/\/tudomanyosjatekok.hu\/wp\/#organization"},"alternateName":"Tudom\u00e1nyos j\u00e1t\u00e9k","potentialAction":[{"@type":"SearchAction","target":{"@type":"EntryPoint","urlTemplate":"https:\/\/tudomanyosjatekok.hu\/wp\/?s={search_term_string}"},"query-input":{"@type":"PropertyValueSpecification","valueRequired":true,"valueName":"search_term_string"}}],"inLanguage":"hu"},{"@type":"Organization","@id":"https:\/\/tudomanyosjatekok.hu\/wp\/#organization","name":"Tudom\u00e1nyos J\u00e1t\u00e9kok","url":"https:\/\/tudomanyosjatekok.hu\/wp\/","logo":{"@type":"ImageObject","inLanguage":"hu","@id":"https:\/\/tudomanyosjatekok.hu\/wp\/#\/schema\/logo\/image\/","url":"https:\/\/i0.wp.com\/tudomanyosjatekok.hu\/wp\/wp-content\/uploads\/2022\/01\/cropped-tjlogo-2.jpg?fit=240%2C73&ssl=1","contentUrl":"https:\/\/i0.wp.com\/tudomanyosjatekok.hu\/wp\/wp-content\/uploads\/2022\/01\/cropped-tjlogo-2.jpg?fit=240%2C73&ssl=1","width":240,"height":73,"caption":"Tudom\u00e1nyos J\u00e1t\u00e9kok"},"image":{"@id":"https:\/\/tudomanyosjatekok.hu\/wp\/#\/schema\/logo\/image\/"}}]}},"jetpack_sharing_enabled":true,"_links":{"self":[{"href":"https:\/\/tudomanyosjatekok.hu\/wp\/wp-json\/wp\/v2\/product\/544"}],"collection":[{"href":"https:\/\/tudomanyosjatekok.hu\/wp\/wp-json\/wp\/v2\/product"}],"about":[{"href":"https:\/\/tudomanyosjatekok.hu\/wp\/wp-json\/wp\/v2\/types\/product"}],"wp:featuredmedia":[{"embeddable":true,"href":"https:\/\/tudomanyosjatekok.hu\/wp\/wp-json\/wp\/v2\/media\/545"}],"wp:attachment":[{"href":"https:\/\/tudomanyosjatekok.hu\/wp\/wp-json\/wp\/v2\/media?parent=544"}],"wp:term":[{"taxonomy":"product_cat","embeddable":true,"href":"https:\/\/tudomanyosjatekok.hu\/wp\/wp-json\/wp\/v2\/product_cat?post=544"},{"taxonomy":"product_tag","embeddable":true,"href":"https:\/\/tudomanyosjatekok.hu\/wp\/wp-json\/wp\/v2\/product_tag?post=544"}],"curies":[{"name":"wp","href":"https:\/\/api.w.org\/{rel}","templated":true}]}}