{"id":283,"date":"2022-01-31T19:03:36","date_gmt":"2022-01-31T19:03:36","guid":{"rendered":"https:\/\/tudomanyosjatekok.hu\/wp\/?post_type=product&#038;p=283"},"modified":"2023-03-30T23:29:30","modified_gmt":"2023-03-30T23:29:30","slug":"3d-puzzle-repulo-albatros-dv-natur","status":"publish","type":"product","link":"https:\/\/tudomanyosjatekok.hu\/wp\/termek\/3d-puzzle-repulo-albatros-dv-natur\/","title":{"rendered":"3D puzzle rep\u00fcl\u0151 Albatros DV (nat\u00far)"},"content":{"rendered":"","protected":false},"excerpt":{"rendered":"","protected":false},"featured_media":186,"template":"","meta":[],"product_cat":[62,54],"product_tag":[],"yoast_head":"<!-- This site is optimized with the Yoast SEO plugin v23.5 - https:\/\/yoast.com\/wordpress\/plugins\/seo\/ -->\n<title>3D puzzle rep\u00fcl\u0151 Albatros DV (nat\u00far) - Tudom\u00e1nyos J\u00e1t\u00e9kok<\/title>\n<meta name=\"description\" content=\"tudom\u00e1nyos j\u00e1t\u00e9kok\" \/>\n<meta name=\"robots\" content=\"index, follow, max-snippet:-1, max-image-preview:large, max-video-preview:-1\" \/>\n<link rel=\"canonical\" href=\"https:\/\/tudomanyosjatekok.hu\/wp\/termek\/3d-puzzle-repulo-albatros-dv-natur\/\" \/>\n<meta property=\"og:locale\" content=\"hu_HU\" \/>\n<meta property=\"og:type\" content=\"article\" \/>\n<meta property=\"og:title\" content=\"3D puzzle rep\u00fcl\u0151 Albatros DV (nat\u00far) - Tudom\u00e1nyos J\u00e1t\u00e9kok\" \/>\n<meta property=\"og:description\" content=\"tudom\u00e1nyos j\u00e1t\u00e9kok\" \/>\n<meta property=\"og:url\" content=\"https:\/\/tudomanyosjatekok.hu\/wp\/termek\/3d-puzzle-repulo-albatros-dv-natur\/\" \/>\n<meta property=\"og:site_name\" content=\"Tudom\u00e1nyos J\u00e1t\u00e9kok\" \/>\n<meta property=\"article:modified_time\" content=\"2023-03-30T23:29:30+00:00\" \/>\n<meta property=\"og:image\" content=\"https:\/\/tudomanyosjatekok.hu\/wp\/wp-content\/uploads\/2022\/01\/1120540.jpg\" \/>\n\t<meta property=\"og:image:width\" content=\"666\" \/>\n\t<meta property=\"og:image:height\" content=\"500\" \/>\n\t<meta property=\"og:image:type\" content=\"image\/jpeg\" \/>\n<meta name=\"twitter:card\" content=\"summary_large_image\" \/>\n<script type=\"application\/ld+json\" class=\"yoast-schema-graph\">{\"@context\":\"https:\/\/schema.org\",\"@graph\":[{\"@type\":\"WebPage\",\"@id\":\"https:\/\/tudomanyosjatekok.hu\/wp\/termek\/3d-puzzle-repulo-albatros-dv-natur\/\",\"url\":\"https:\/\/tudomanyosjatekok.hu\/wp\/termek\/3d-puzzle-repulo-albatros-dv-natur\/\",\"name\":\"3D puzzle rep\u00fcl\u0151 Albatros DV (nat\u00far) - Tudom\u00e1nyos J\u00e1t\u00e9kok\",\"isPartOf\":{\"@id\":\"https:\/\/tudomanyosjatekok.hu\/wp\/#website\"},\"primaryImageOfPage\":{\"@id\":\"https:\/\/tudomanyosjatekok.hu\/wp\/termek\/3d-puzzle-repulo-albatros-dv-natur\/#primaryimage\"},\"image\":{\"@id\":\"https:\/\/tudomanyosjatekok.hu\/wp\/termek\/3d-puzzle-repulo-albatros-dv-natur\/#primaryimage\"},\"thumbnailUrl\":\"https:\/\/i0.wp.com\/tudomanyosjatekok.hu\/wp\/wp-content\/uploads\/2022\/01\/1120540.jpg?fit=666%2C500&ssl=1\",\"datePublished\":\"2022-01-31T19:03:36+00:00\",\"dateModified\":\"2023-03-30T23:29:30+00:00\",\"description\":\"tudom\u00e1nyos j\u00e1t\u00e9kok\",\"breadcrumb\":{\"@id\":\"https:\/\/tudomanyosjatekok.hu\/wp\/termek\/3d-puzzle-repulo-albatros-dv-natur\/#breadcrumb\"},\"inLanguage\":\"hu\",\"potentialAction\":[{\"@type\":\"ReadAction\",\"target\":[\"https:\/\/tudomanyosjatekok.hu\/wp\/termek\/3d-puzzle-repulo-albatros-dv-natur\/\"]}]},{\"@type\":\"ImageObject\",\"inLanguage\":\"hu\",\"@id\":\"https:\/\/tudomanyosjatekok.hu\/wp\/termek\/3d-puzzle-repulo-albatros-dv-natur\/#primaryimage\",\"url\":\"https:\/\/i0.wp.com\/tudomanyosjatekok.hu\/wp\/wp-content\/uploads\/2022\/01\/1120540.jpg?fit=666%2C500&ssl=1\",\"contentUrl\":\"https:\/\/i0.wp.com\/tudomanyosjatekok.hu\/wp\/wp-content\/uploads\/2022\/01\/1120540.jpg?fit=666%2C500&ssl=1\",\"width\":666,\"height\":500},{\"@type\":\"BreadcrumbList\",\"@id\":\"https:\/\/tudomanyosjatekok.hu\/wp\/termek\/3d-puzzle-repulo-albatros-dv-natur\/#breadcrumb\",\"itemListElement\":[{\"@type\":\"ListItem\",\"position\":1,\"name\":\"Kezd\u0151lap\",\"item\":\"https:\/\/tudomanyosjatekok.hu\/wp\/\"},{\"@type\":\"ListItem\",\"position\":2,\"name\":\"Term\u00e9kek\",\"item\":\"https:\/\/tudomanyosjatekok.hu\/wp\/\"},{\"@type\":\"ListItem\",\"position\":3,\"name\":\"3D puzzle rep\u00fcl\u0151 Albatros DV (nat\u00far)\"}]},{\"@type\":\"WebSite\",\"@id\":\"https:\/\/tudomanyosjatekok.hu\/wp\/#website\",\"url\":\"https:\/\/tudomanyosjatekok.hu\/wp\/\",\"name\":\"Tudom\u00e1nyos J\u00e1t\u00e9kok\",\"description\":\"Tudom\u00e1nyos j\u00e1t\u00e9kok\",\"publisher\":{\"@id\":\"https:\/\/tudomanyosjatekok.hu\/wp\/#organization\"},\"alternateName\":\"Tudom\u00e1nyos j\u00e1t\u00e9k\",\"potentialAction\":[{\"@type\":\"SearchAction\",\"target\":{\"@type\":\"EntryPoint\",\"urlTemplate\":\"https:\/\/tudomanyosjatekok.hu\/wp\/?s={search_term_string}\"},\"query-input\":{\"@type\":\"PropertyValueSpecification\",\"valueRequired\":true,\"valueName\":\"search_term_string\"}}],\"inLanguage\":\"hu\"},{\"@type\":\"Organization\",\"@id\":\"https:\/\/tudomanyosjatekok.hu\/wp\/#organization\",\"name\":\"Tudom\u00e1nyos J\u00e1t\u00e9kok\",\"url\":\"https:\/\/tudomanyosjatekok.hu\/wp\/\",\"logo\":{\"@type\":\"ImageObject\",\"inLanguage\":\"hu\",\"@id\":\"https:\/\/tudomanyosjatekok.hu\/wp\/#\/schema\/logo\/image\/\",\"url\":\"https:\/\/i0.wp.com\/tudomanyosjatekok.hu\/wp\/wp-content\/uploads\/2022\/01\/cropped-tjlogo-2.jpg?fit=240%2C73&ssl=1\",\"contentUrl\":\"https:\/\/i0.wp.com\/tudomanyosjatekok.hu\/wp\/wp-content\/uploads\/2022\/01\/cropped-tjlogo-2.jpg?fit=240%2C73&ssl=1\",\"width\":240,\"height\":73,\"caption\":\"Tudom\u00e1nyos J\u00e1t\u00e9kok\"},\"image\":{\"@id\":\"https:\/\/tudomanyosjatekok.hu\/wp\/#\/schema\/logo\/image\/\"}}]}<\/script>\n<!-- \/ Yoast SEO plugin. -->","yoast_head_json":{"title":"3D puzzle rep\u00fcl\u0151 Albatros DV (nat\u00far) - Tudom\u00e1nyos J\u00e1t\u00e9kok","description":"tudom\u00e1nyos j\u00e1t\u00e9kok","robots":{"index":"index","follow":"follow","max-snippet":"max-snippet:-1","max-image-preview":"max-image-preview:large","max-video-preview":"max-video-preview:-1"},"canonical":"https:\/\/tudomanyosjatekok.hu\/wp\/termek\/3d-puzzle-repulo-albatros-dv-natur\/","og_locale":"hu_HU","og_type":"article","og_title":"3D puzzle rep\u00fcl\u0151 Albatros DV (nat\u00far) - Tudom\u00e1nyos J\u00e1t\u00e9kok","og_description":"tudom\u00e1nyos j\u00e1t\u00e9kok","og_url":"https:\/\/tudomanyosjatekok.hu\/wp\/termek\/3d-puzzle-repulo-albatros-dv-natur\/","og_site_name":"Tudom\u00e1nyos J\u00e1t\u00e9kok","article_modified_time":"2023-03-30T23:29:30+00:00","og_image":[{"width":666,"height":500,"url":"https:\/\/tudomanyosjatekok.hu\/wp\/wp-content\/uploads\/2022\/01\/1120540.jpg","type":"image\/jpeg"}],"twitter_card":"summary_large_image","schema":{"@context":"https:\/\/schema.org","@graph":[{"@type":"WebPage","@id":"https:\/\/tudomanyosjatekok.hu\/wp\/termek\/3d-puzzle-repulo-albatros-dv-natur\/","url":"https:\/\/tudomanyosjatekok.hu\/wp\/termek\/3d-puzzle-repulo-albatros-dv-natur\/","name":"3D puzzle rep\u00fcl\u0151 Albatros DV (nat\u00far) - Tudom\u00e1nyos J\u00e1t\u00e9kok","isPartOf":{"@id":"https:\/\/tudomanyosjatekok.hu\/wp\/#website"},"primaryImageOfPage":{"@id":"https:\/\/tudomanyosjatekok.hu\/wp\/termek\/3d-puzzle-repulo-albatros-dv-natur\/#primaryimage"},"image":{"@id":"https:\/\/tudomanyosjatekok.hu\/wp\/termek\/3d-puzzle-repulo-albatros-dv-natur\/#primaryimage"},"thumbnailUrl":"https:\/\/i0.wp.com\/tudomanyosjatekok.hu\/wp\/wp-content\/uploads\/2022\/01\/1120540.jpg?fit=666%2C500&ssl=1","datePublished":"2022-01-31T19:03:36+00:00","dateModified":"2023-03-30T23:29:30+00:00","description":"tudom\u00e1nyos j\u00e1t\u00e9kok","breadcrumb":{"@id":"https:\/\/tudomanyosjatekok.hu\/wp\/termek\/3d-puzzle-repulo-albatros-dv-natur\/#breadcrumb"},"inLanguage":"hu","potentialAction":[{"@type":"ReadAction","target":["https:\/\/tudomanyosjatekok.hu\/wp\/termek\/3d-puzzle-repulo-albatros-dv-natur\/"]}]},{"@type":"ImageObject","inLanguage":"hu","@id":"https:\/\/tudomanyosjatekok.hu\/wp\/termek\/3d-puzzle-repulo-albatros-dv-natur\/#primaryimage","url":"https:\/\/i0.wp.com\/tudomanyosjatekok.hu\/wp\/wp-content\/uploads\/2022\/01\/1120540.jpg?fit=666%2C500&ssl=1","contentUrl":"https:\/\/i0.wp.com\/tudomanyosjatekok.hu\/wp\/wp-content\/uploads\/2022\/01\/1120540.jpg?fit=666%2C500&ssl=1","width":666,"height":500},{"@type":"BreadcrumbList","@id":"https:\/\/tudomanyosjatekok.hu\/wp\/termek\/3d-puzzle-repulo-albatros-dv-natur\/#breadcrumb","itemListElement":[{"@type":"ListItem","position":1,"name":"Kezd\u0151lap","item":"https:\/\/tudomanyosjatekok.hu\/wp\/"},{"@type":"ListItem","position":2,"name":"Term\u00e9kek","item":"https:\/\/tudomanyosjatekok.hu\/wp\/"},{"@type":"ListItem","position":3,"name":"3D puzzle rep\u00fcl\u0151 Albatros DV (nat\u00far)"}]},{"@type":"WebSite","@id":"https:\/\/tudomanyosjatekok.hu\/wp\/#website","url":"https:\/\/tudomanyosjatekok.hu\/wp\/","name":"Tudom\u00e1nyos J\u00e1t\u00e9kok","description":"Tudom\u00e1nyos j\u00e1t\u00e9kok","publisher":{"@id":"https:\/\/tudomanyosjatekok.hu\/wp\/#organization"},"alternateName":"Tudom\u00e1nyos j\u00e1t\u00e9k","potentialAction":[{"@type":"SearchAction","target":{"@type":"EntryPoint","urlTemplate":"https:\/\/tudomanyosjatekok.hu\/wp\/?s={search_term_string}"},"query-input":{"@type":"PropertyValueSpecification","valueRequired":true,"valueName":"search_term_string"}}],"inLanguage":"hu"},{"@type":"Organization","@id":"https:\/\/tudomanyosjatekok.hu\/wp\/#organization","name":"Tudom\u00e1nyos J\u00e1t\u00e9kok","url":"https:\/\/tudomanyosjatekok.hu\/wp\/","logo":{"@type":"ImageObject","inLanguage":"hu","@id":"https:\/\/tudomanyosjatekok.hu\/wp\/#\/schema\/logo\/image\/","url":"https:\/\/i0.wp.com\/tudomanyosjatekok.hu\/wp\/wp-content\/uploads\/2022\/01\/cropped-tjlogo-2.jpg?fit=240%2C73&ssl=1","contentUrl":"https:\/\/i0.wp.com\/tudomanyosjatekok.hu\/wp\/wp-content\/uploads\/2022\/01\/cropped-tjlogo-2.jpg?fit=240%2C73&ssl=1","width":240,"height":73,"caption":"Tudom\u00e1nyos J\u00e1t\u00e9kok"},"image":{"@id":"https:\/\/tudomanyosjatekok.hu\/wp\/#\/schema\/logo\/image\/"}}]}},"jetpack_sharing_enabled":true,"_links":{"self":[{"href":"https:\/\/tudomanyosjatekok.hu\/wp\/wp-json\/wp\/v2\/product\/283"}],"collection":[{"href":"https:\/\/tudomanyosjatekok.hu\/wp\/wp-json\/wp\/v2\/product"}],"about":[{"href":"https:\/\/tudomanyosjatekok.hu\/wp\/wp-json\/wp\/v2\/types\/product"}],"wp:featuredmedia":[{"embeddable":true,"href":"https:\/\/tudomanyosjatekok.hu\/wp\/wp-json\/wp\/v2\/media\/186"}],"wp:attachment":[{"href":"https:\/\/tudomanyosjatekok.hu\/wp\/wp-json\/wp\/v2\/media?parent=283"}],"wp:term":[{"taxonomy":"product_cat","embeddable":true,"href":"https:\/\/tudomanyosjatekok.hu\/wp\/wp-json\/wp\/v2\/product_cat?post=283"},{"taxonomy":"product_tag","embeddable":true,"href":"https:\/\/tudomanyosjatekok.hu\/wp\/wp-json\/wp\/v2\/product_tag?post=283"}],"curies":[{"name":"wp","href":"https:\/\/api.w.org\/{rel}","templated":true}]}}